{"id":9403,"date":"2025-11-17T14:14:18","date_gmt":"2025-11-17T11:14:18","guid":{"rendered":"https:\/\/www.integrativa.com.tr\/?page_id=9403"},"modified":"2025-12-16T14:26:46","modified_gmt":"2025-12-16T11:26:46","slug":"kisisel-degerlendirme-talep-formu","status":"publish","type":"page","link":"https:\/\/www.integrativa.com.tr\/en\/kisisel-degerlendirme-talep-formu\/","title":{"rendered":"Personal Assessment Request Form"},"content":{"rendered":"\t\t<div data-elementor-type=\"wp-page\" data-elementor-id=\"9403\" class=\"elementor elementor-9403\" data-elementor-settings=\"{&quot;element_pack_global_tooltip_width&quot;:{&quot;unit&quot;:&quot;px&quot;,&quot;size&quot;:&quot;&quot;,&quot;sizes&quot;:[]},&quot;element_pack_global_tooltip_width_tablet&quot;:{&quot;unit&quot;:&quot;px&quot;,&quot;size&quot;:&quot;&quot;,&quot;sizes&quot;:[]},&quot;element_pack_global_tooltip_width_mobile&quot;:{&quot;unit&quot;:&quot;px&quot;,&quot;size&quot;:&quot;&quot;,&quot;sizes&quot;:[]},&quot;element_pack_global_tooltip_padding&quot;:{&quot;unit&quot;:&quot;px&quot;,&quot;top&quot;:&quot;&quot;,&quot;right&quot;:&quot;&quot;,&quot;bottom&quot;:&quot;&quot;,&quot;left&quot;:&quot;&quot;,&quot;isLinked&quot;:true},&quot;element_pack_global_tooltip_padding_tablet&quot;:{&quot;unit&quot;:&quot;px&quot;,&quot;top&quot;:&quot;&quot;,&quot;right&quot;:&quot;&quot;,&quot;bottom&quot;:&quot;&quot;,&quot;left&quot;:&quot;&quot;,&quot;isLinked&quot;:true},&quot;element_pack_global_tooltip_padding_mobile&quot;:{&quot;unit&quot;:&quot;px&quot;,&quot;top&quot;:&quot;&quot;,&quot;right&quot;:&quot;&quot;,&quot;bottom&quot;:&quot;&quot;,&quot;left&quot;:&quot;&quot;,&quot;isLinked&quot;:true},&quot;element_pack_global_tooltip_border_radius&quot;:{&quot;unit&quot;:&quot;px&quot;,&quot;top&quot;:&quot;&quot;,&quot;right&quot;:&quot;&quot;,&quot;bottom&quot;:&quot;&quot;,&quot;left&quot;:&quot;&quot;,&quot;isLinked&quot;:true},&quot;element_pack_global_tooltip_border_radius_tablet&quot;:{&quot;unit&quot;:&quot;px&quot;,&quot;top&quot;:&quot;&quot;,&quot;right&quot;:&quot;&quot;,&quot;bottom&quot;:&quot;&quot;,&quot;left&quot;:&quot;&quot;,&quot;isLinked&quot;:true},&quot;element_pack_global_tooltip_border_radius_mobile&quot;:{&quot;unit&quot;:&quot;px&quot;,&quot;top&quot;:&quot;&quot;,&quot;right&quot;:&quot;&quot;,&quot;bottom&quot;:&quot;&quot;,&quot;left&quot;:&quot;&quot;,&quot;isLinked&quot;:true}}\" data-elementor-post-type=\"page\">\n\t\t\t\t<div class=\"elementor-element elementor-element-2e7fc10 e-flex e-con-boxed e-con e-parent\" data-id=\"2e7fc10\" data-element_type=\"container\">\n\t\t\t\t\t<div class=\"e-con-inner\">\n\t\t\t\t<div class=\"elementor-element elementor-element-ab0a1e3 elementor-widget elementor-widget-text-editor\" data-id=\"ab0a1e3\" data-element_type=\"widget\" data-widget_type=\"text-editor.default\">\n\t\t\t\t\t        <div class=\"elementor-text-editor elementor-clearfix\"><p>Integrativa 4D BioDesign\u2122 works with a limited number of clients, offering completely personalized treatment. The form below is the first step in determining the most appropriate assessment and treatment plan for you. We will review your information and get back to you with suitable options.<\/p><\/div>\n        \t\t\t\t<\/div>\n\t\t\t\t\t<\/div>\n\t\t\t\t<\/div>\n\t\t<div class=\"elementor-element elementor-element-80d9c44 e-flex e-con-boxed e-con e-parent\" data-id=\"80d9c44\" data-element_type=\"container\">\n\t\t\t\t\t<div class=\"e-con-inner\">\n\t\t\t\t<div class=\"elementor-element elementor-element-c2077fa elementor-widget elementor-widget-text-editor\" data-id=\"c2077fa\" data-element_type=\"widget\" data-widget_type=\"text-editor.default\">\n\t\t\t\t\t        <div class=\"elementor-text-editor elementor-clearfix\"><div id=\"quform-2f583f\" class=\"quform quform-3 quform-support-page-caching\"><form id=\"quform-form-2f583f\" class=\"quform-form quform-form-3\" action=\"\/en\/wp-json\/wp\/v2\/pages\/9403#quform-2f583f\" method=\"post\" enctype=\"multipart\/form-data\" novalidate=\"novalidate\" data-options=\"{&quot;id&quot;:3,&quot;uniqueId&quot;:&quot;2f583f&quot;,&quot;theme&quot;:&quot;&quot;,&quot;ajax&quot;:true,&quot;logic&quot;:{&quot;logic&quot;:[],&quot;dependents&quot;:[],&quot;elementIds&quot;:[],&quot;dependentElementIds&quot;:[],&quot;animate&quot;:true},&quot;currentPageId&quot;:1,&quot;errorsIcon&quot;:&quot;&quot;,&quot;updateFancybox&quot;:true,&quot;hasPages&quot;:false,&quot;pages&quot;:[1],&quot;pageProgressType&quot;:&quot;numbers&quot;,&quot;tooltipsEnabled&quot;:true,&quot;tooltipClasses&quot;:&quot;qtip-quform-dark qtip-shadow&quot;,&quot;tooltipMy&quot;:&quot;left center&quot;,&quot;tooltipAt&quot;:&quot;right center&quot;,&quot;isRtl&quot;:false,&quot;scrollOffset&quot;:-50,&quot;scrollSpeed&quot;:800}\"><button class=\"quform-default-submit\" name=\"quform_submit\" type=\"submit\" value=\"submit\" aria-hidden=\"true\" tabindex=\"-1\"><\/button><div class=\"quform-form-inner quform-form-inner-3\"><input type=\"hidden\" name=\"quform_form_id\" value=\"3\" \/><input type=\"hidden\" name=\"quform_form_uid\" value=\"2f583f\" \/><input type=\"hidden\" name=\"quform_count\" value=\"1\" \/><input type=\"hidden\" name=\"form_url\" value=\"https:\/\/www.integrativa.com.tr\/en\/wp-json\/wp\/v2\/pages\/9403\" \/><input type=\"hidden\" name=\"referring_url\" value=\"\" \/><input type=\"hidden\" name=\"post_id\" value=\"\" \/><input type=\"hidden\" name=\"post_title\" value=\"\" \/><input type=\"hidden\" name=\"quform_current_page_id\" value=\"1\" \/><input type=\"hidden\" name=\"quform_csrf_token\" value=\"9c3CIFV40CMqMj3xTWhS0ACRI9jv4d0IclbBpcDe\" \/><div class=\"quform-elements quform-elements-3 quform-cf quform-responsive-elements-phone-landscape\"><div class=\"quform-element quform-element-page quform-page-1 quform-page-3_1 quform-cf quform-group-style-plain quform-first-page quform-last-page quform-current-page\"><div class=\"quform-child-elements\"><div class=\"quform-element quform-element-row quform-element-row-3_3 quform-1-columns quform-element-row-size-fixed quform-responsive-columns-phone-landscape\"><div class=\"quform-element quform-element-column quform-element-3_4\"><\/div><\/div><div class=\"quform-element quform-element-row quform-element-row-3_7 quform-2-columns quform-element-row-size-fixed quform-responsive-columns-phone-landscape\"><div class=\"quform-element quform-element-column quform-element-3_8\"><div class=\"quform-element quform-element-text quform-element-3_10 quform-cf quform-element-required\"><div class=\"quform-spacer\"><div class=\"quform-label quform-label-3_10\"><label class=\"quform-label-text\" for=\"quform_3_10_2f583f\">Full Name<span class=\"quform-required\">*<\/span><\/label><\/div><div class=\"quform-inner quform-inner-text quform-inner-3_10\"><div class=\"quform-input quform-input-text quform-input-3_10 quform-cf\"><input type=\"text\" id=\"quform_3_10_2f583f\" name=\"quform_3_10\" class=\"quform-field quform-field-text quform-field-3_10\" \/><\/div><\/div><\/div><\/div><div class=\"quform-element quform-element-email quform-element-3_12 quform-cf quform-element-required\"><div class=\"quform-spacer\"><div class=\"quform-label quform-label-3_12\"><label class=\"quform-label-text\" for=\"quform_3_12_2f583f\">E-mail<span class=\"quform-required\">*<\/span><\/label><\/div><div class=\"quform-inner quform-inner-email quform-inner-3_12\"><div class=\"quform-input quform-input-email quform-input-3_12 quform-cf\"><input type=\"email\" id=\"quform_3_12_2f583f\" name=\"quform_3_12\" class=\"quform-field quform-field-email quform-field-3_12\" \/><\/div><\/div><\/div><\/div><\/div><div class=\"quform-element quform-element-column quform-element-3_9\"><div class=\"quform-element quform-element-text quform-element-3_13 quform-cf quform-element-required\"><div class=\"quform-spacer\"><div class=\"quform-label quform-label-3_13\"><label class=\"quform-label-text\" for=\"quform_3_13_2f583f\">Telephone<span class=\"quform-required\">*<\/span><\/label><\/div><div class=\"quform-inner quform-inner-text quform-inner-3_13\"><div class=\"quform-input quform-input-text quform-input-3_13 quform-cf\"><input type=\"text\" id=\"quform_3_13_2f583f\" name=\"quform_3_13\" class=\"quform-field quform-field-text quform-field-3_13\" \/><\/div><\/div><\/div><\/div><div class=\"quform-element quform-element-select quform-element-3_20 quform-cf quform-element-required\"><div class=\"quform-spacer\"><div class=\"quform-label quform-label-3_20\"><label class=\"quform-label-text\" for=\"quform_3_20_2f583f\">Area of Interest<span class=\"quform-required\">*<\/span><\/label><\/div><div class=\"quform-inner quform-inner-select quform-inner-3_20\"><div class=\"quform-input quform-input-select quform-input-3_20 quform-cf\"><select id=\"quform_3_20_2f583f\" name=\"quform_3_20\" class=\"quform-field quform-field-select quform-field-3_20\"><option value=\"\" selected=\"selected\">Please Select<\/option><option value=\"Biological Age Analysis\">Biological Age Analysis<\/option><option value=\"Metabolic Assessment\">Metabolic Assessment<\/option><option value=\"Hormone &amp; Stress Axis Analysis\">Hormone &amp; Stress Axis Analysis<\/option><option value=\"Microbiota Analysis\">Microbiota Analysis<\/option><option value=\"Not sure yet, let&#039;s decide together\">Not sure yet, let&#039;s decide together<\/option><\/select><\/div><\/div><\/div><\/div><\/div><\/div><div class=\"quform-element quform-element-textarea quform-element-3_21 quform-cf quform-element-required\"><div class=\"quform-spacer\"><div class=\"quform-label quform-label-3_21\"><label class=\"quform-label-text\" for=\"quform_3_21_2f583f\">Please briefly describe your health goals or the specific issues you would like to focus on.<span class=\"quform-required\">*<\/span><\/label><\/div><div class=\"quform-inner quform-inner-textarea quform-inner-3_21\"><div class=\"quform-input quform-input-textarea quform-input-3_21 quform-cf\"><textarea id=\"quform_3_21_2f583f\" name=\"quform_3_21\" class=\"quform-field quform-field-textarea quform-field-3_21\"><\/textarea><\/div><\/div><\/div><\/div><div class=\"quform-element quform-element-checkbox quform-element-3_22 quform-cf quform-element-required\"><div class=\"quform-spacer\"><div class=\"quform-label quform-label-3_22\"><label class=\"quform-label-text\" id=\"quform_3_22_2f583f_label\">Your preferred method of communication<span class=\"quform-required\">*<\/span><\/label><\/div><div class=\"quform-inner quform-inner-checkbox quform-inner-3_22\"><div class=\"quform-input quform-input-checkbox quform-input-3_22 quform-cf\"><div class=\"quform-options quform-cf quform-options-columns quform-3-columns quform-responsive-columns-phone-landscape quform-options-simple\" role=\"group\" aria-labelledby=\"quform_3_22_2f583f_label\"><div class=\"quform-option\"><input type=\"checkbox\" name=\"quform_3_22[]\" id=\"quform_3_22_2f583f_4\" class=\"quform-field quform-field-checkbox quform-field-3_22 quform-field-3_22_4\" value=\"Telephone\" \/><label for=\"quform_3_22_2f583f_4\" class=\"quform-option-label quform-option-label-3_22_4\"><span class=\"quform-option-text\">Telephone<\/span><\/label><\/div><div class=\"quform-option\"><input type=\"checkbox\" name=\"quform_3_22[]\" id=\"quform_3_22_2f583f_5\" class=\"quform-field quform-field-checkbox quform-field-3_22 quform-field-3_22_5\" value=\"WhatsApp\" \/><label for=\"quform_3_22_2f583f_5\" class=\"quform-option-label quform-option-label-3_22_5\"><span class=\"quform-option-text\">WhatsApp<\/span><\/label><\/div><div class=\"quform-option\"><input type=\"checkbox\" name=\"quform_3_22[]\" id=\"quform_3_22_2f583f_6\" class=\"quform-field quform-field-checkbox quform-field-3_22 quform-field-3_22_6\" value=\"E-mail\" \/><label for=\"quform_3_22_2f583f_6\" class=\"quform-option-label quform-option-label-3_22_6\"><span class=\"quform-option-text\">E-mail<\/span><\/label><\/div><\/div><\/div><\/div><\/div><\/div><div class=\"quform-element quform-element-captcha quform-element-3_19 quform-cf quform-element-required\"><div class=\"quform-spacer\"><div class=\"quform-label quform-label-3_19\"><label class=\"quform-label-text\" for=\"quform_3_19_2f583f\">Please enter the characters<span class=\"quform-required\">*<\/span><\/label><\/div><div class=\"quform-inner quform-inner-captcha quform-inner-3_19\"><div class=\"quform-input quform-input-captcha quform-input-3_19 quform-cf\"><input type=\"text\" id=\"quform_3_19_2f583f\" name=\"quform_3_19\" class=\"quform-field quform-field-captcha quform-field-3_19\" \/><\/div><div class=\"quform-captcha quform-cf\"><div class=\"quform-captcha-image quform-captcha-image-3_19\"><img decoding=\"async\" class=\"quform-captcha-image-img\" src=\"data:image\/png;base64,iVBORw0KGgoAAAANSUhEUgAAAOYAAABQBAMAAAD\/1xTgAAAAG1BMVEX\/\/\/8iIiLHx8d0dHRZWVk9PT2srKyQkJDj4+OnzdMkAAAACXBIWXMAAA7EAAAOxAGVKw4bAAADpElEQVRoge1XTU\/bQBB17MTxsdPEwDEhUrliFWiPcUnpFQMRPcYqCRwbCi1HJ7TAz+7OrD92bBMnCKVSte+QyLvreTszb2bXhqGhoaGhoaGhoaHxX6P3+bCzZsoxALTWS2kBol+xqjcYvI9ehc\/eP7ubwvllABtsvGDdye1r2r5+IWUzQFNt9LWt2L8BOLsr4TxmjycvIDRvNnyITQkb2cSURj\/y1X6Bk0dmKTTRsHt9AbBLJjvJhMwvwIgtd+aBwmncAmytztlFu1+RrW+gb7vKhIsx38y94KucRsielkTD9cCNDGMGb4goNeHDZmTsBHlHjYBpe1qp9DJEFlVlA96K31oWKqlhSw3e497gIMcZwPe8wckSpE3itCiI9UwSQi2R+POy4N5jGk44J2QCiGHCp2pOkwrEpt9m1om6krOWlo8diypLOb4L+Y4plp1Wk5JxWSYOuKk5nyqvnnJ2SzhJ9eCOVHPjou9FeCQTWSYBzH+xyZQTa\/Fg+5Zz1uUuuLYDCtBihGRlSmrARsBUMUsMWrLleGy+IZYH+SJWm9lzmFGBdFEb3\/IGHD\/RbU2GzGKcM2xUPd4YzEJJl6BBr4gyudyhnqRS3qahDKW8bMYZkv2QsTSXaU1WUomwAe5BlAzPJz8GsvUTPCpgVOooe9WjENUz5ZELx0+VnDZ60KTu\/S5ltP1YpYlXPjUq9FPhDOjBVo8GjDe0lTWlEAXycIUUX1JGw8TEusPBh\/TluLczTkfWcPwXg84jt1NBKuy3fDhV9xaKvEa5RUVOWwaVc4rdD0Em4lng2Qyt+ys2BnCeuwH4KWfmQnzGm2psHUzHI8twEWXxp\/6C5ZglOC4axtmQWm6qDDaJ2Fvci2ZQvNQ0YvlYWf+dyvbPOGfSz4Z6X7Rob2H+COQwf0aFsRpxtjAGiW670hlL5QxlIkM1ezU6dyo4yyD8nAgt9OvZ7acuu0NX5fToEmiqVySxQPbQoiMVEPkc2aj4saxKgyy3O3SGZpwBtq25xw4SmUl\/sYZK4YtE\/REWFRemWLAY8sMP8YiD85C7\/gcuzbzgi8DsUH9XT5nkIqj2pq0wd6JO5sRmV9Tn87C4C+OUs5\/sLLIDdsUVCSDZ1tOUrIwevwJg82gH\/IS194ZHUfaEu+ygeJWDfUU4EX\/cfjIeJpMFN7sLJHWEeEfPr3l1PPjgdts+VK98TfSOUOHRekmN3\/APSOf7hU+ONaA3jNbOqaGhoaGhoaGxEv4CYsuVoPIyE7MAAAAASUVORK5CYII=\" alt=\"CAPTCHA Resmi\" data-element-id=\"19\" width=\"115\" height=\"40\" \/><\/div><\/div><p class=\"quform-description quform-description-below\">This helps us prevent spam, thank you.\n<\/p><\/div><\/div><\/div><div class=\"quform-element quform-element-submit quform-element-3_2 quform-cf quform-button-style-theme\"><div class=\"quform-button-submit quform-button-submit-default quform-button-submit-3_2\"><button name=\"quform_submit\" type=\"submit\" class=\"quform-submit\" value=\"submit\"><span class=\"quform-button-text quform-button-submit-text\">Submit My Request<\/span><\/button><\/div><div class=\"quform-loading quform-loading-position-left quform-loading-type-spinner-1\"><div class=\"quform-loading-inner\"><div class=\"quform-loading-spinner\"><div class=\"quform-loading-spinner-inner\"><\/div><\/div><\/div><\/div><\/div><div class=\"quform-element-tree\"><label for=\"quform_3_0_2f583f\">Bu alan bo\u015f b\u0131rak\u0131lmal\u0131d\u0131r<\/label><input type=\"text\" id=\"quform_3_0_2f583f\" name=\"quform_3_0\" class=\"quform-field quform-field-tree quform-field-3_0\" tabindex=\"-1\" autocomplete=\"off\" \/><\/div><\/div><\/div><\/div><\/div><\/form><\/div><\/div>\n        \t\t\t\t<\/div>\n\t\t\t\t\t<\/div>\n\t\t\t\t<\/div>\n\t\t<div class=\"elementor-element elementor-element-27a6e84 e-flex e-con-boxed e-con e-parent\" data-id=\"27a6e84\" data-element_type=\"container\">\n\t\t\t\t\t<div class=\"e-con-inner\">\n\t\t\t\t<div class=\"elementor-element elementor-element-9512931 elementor-widget elementor-widget-text-editor\" data-id=\"9512931\" data-element_type=\"widget\" data-widget_type=\"text-editor.default\">\n\t\t\t\t\t        <div class=\"elementor-text-editor elementor-clearfix\"><p>Bu form do\u011frudan randevu olu\u015fturmaz. Bilgileriniz t\u0131bbi gizlilik ilkeleri \u00e7er\u00e7evesinde de\u011ferlendirilir ve sizin i\u00e7in uygun g\u00f6rd\u00fc\u011f\u00fcm\u00fcz se\u00e7eneklerle en k\u0131sa s\u00fcrede d\u00f6n\u00fc\u015f yapar\u0131z.<\/p><\/div>\n        \t\t\t\t<\/div>\n\t\t\t\t\t<\/div>\n\t\t\t\t<\/div>\n\t\t\t\t<\/div>\n\t\t","protected":false},"excerpt":{"rendered":"<p>Integrativa 4D BioDesign\u2122 works with a limited number of clients, offering completely personalized treatment. The form below is the first step in determining the most appropriate assessment and treatment plan for you. We will review your information and get back to you with suitable options. Bu form do\u011frudan randevu olu\u015fturmaz. Bilgileriniz t\u0131bbi gizlilik ilkeleri \u00e7er\u00e7evesinde &hellip; <\/p>\n<p class=\"more-link-wrap\"><a href=\"https:\/\/www.integrativa.com.tr\/en\/kisisel-degerlendirme-talep-formu\/\" class=\"more-link\"><i class=\"opal-icon-plus\" aria-hidden=\"true\"><\/i><span>Read More<span class=\"screen-reader-text\"> &#8220;Personal Assessment Request Form&#8221;<\/span><\/span><\/a><\/p>\n","protected":false},"author":1,"featured_media":0,"parent":0,"menu_order":0,"comment_status":"closed","ping_status":"closed","template":"","meta":{"inline_featured_image":false,"footnotes":""},"class_list":["post-9403","page","type-page","status-publish","hentry"],"yoast_head":"<!-- This site is optimized with the Yoast SEO Premium plugin v26.1 (Yoast SEO v26.1.1) - https:\/\/yoast.com\/wordpress\/plugins\/seo\/ -->\n<title>Personal Assessment Request Form - Integrativa | Scientific Health Consulting with 4D BioDesign<\/title>\n<meta name=\"robots\" content=\"index, follow, max-snippet:-1, max-image-preview:large, max-video-preview:-1\" \/>\n<link rel=\"canonical\" href=\"https:\/\/www.integrativa.com.tr\/en\/kisisel-degerlendirme-talep-formu\/\" \/>\n<meta property=\"og:locale\" content=\"tr_TR\" \/>\n<meta property=\"og:type\" content=\"article\" \/>\n<meta property=\"og:title\" content=\"Personal Assessment Request Form\" \/>\n<meta property=\"og:description\" content=\"Integrativa 4D BioDesign\u2122 works with a limited number of clients, offering completely personalized treatment. The form below is the first step in determining the most appropriate assessment and treatment plan for you. We will review your information and get back to you with suitable options. Bu form do\u011frudan randevu olu\u015fturmaz. Bilgileriniz t\u0131bbi gizlilik ilkeleri \u00e7er\u00e7evesinde &hellip; Read More &quot;Personal Assessment Request Form&quot;\" \/>\n<meta property=\"og:url\" content=\"https:\/\/www.integrativa.com.tr\/en\/kisisel-degerlendirme-talep-formu\/\" \/>\n<meta property=\"og:site_name\" content=\"Integrativa | Scientific Health Consulting with 4D BioDesign\" \/>\n<meta property=\"article:modified_time\" content=\"2025-12-16T11:26:46+00:00\" \/>\n<meta name=\"twitter:card\" content=\"summary_large_image\" \/>\n<meta name=\"twitter:label1\" content=\"Tahmini okuma s\u00fcresi\" \/>\n\t<meta name=\"twitter:data1\" content=\"1 dakika\" \/>\n<script type=\"application\/ld+json\" class=\"yoast-schema-graph\">{\"@context\":\"https:\/\/schema.org\",\"@graph\":[{\"@type\":\"WebPage\",\"@id\":\"https:\/\/www.integrativa.com.tr\/en\/kisisel-degerlendirme-talep-formu\/\",\"url\":\"https:\/\/www.integrativa.com.tr\/en\/kisisel-degerlendirme-talep-formu\/\",\"name\":\"Personal Assessment Request Form - Integrativa | Scientific Health Consulting with 4D BioDesign\",\"isPartOf\":{\"@id\":\"http:\/\/www.integrativa.com.tr\/en\/#website\"},\"datePublished\":\"2025-11-17T11:14:18+00:00\",\"dateModified\":\"2025-12-16T11:26:46+00:00\",\"breadcrumb\":{\"@id\":\"https:\/\/www.integrativa.com.tr\/en\/kisisel-degerlendirme-talep-formu\/#breadcrumb\"},\"inLanguage\":\"tr\",\"potentialAction\":[{\"@type\":\"ReadAction\",\"target\":[\"https:\/\/www.integrativa.com.tr\/en\/kisisel-degerlendirme-talep-formu\/\"]}]},{\"@type\":\"BreadcrumbList\",\"@id\":\"https:\/\/www.integrativa.com.tr\/en\/kisisel-degerlendirme-talep-formu\/#breadcrumb\",\"itemListElement\":[{\"@type\":\"ListItem\",\"position\":1,\"name\":\"Anasayfa\",\"item\":\"http:\/\/www.integrativa.com.tr\/en\/\"},{\"@type\":\"ListItem\",\"position\":2,\"name\":\"Personal Assessment Request Form\"}]},{\"@type\":\"WebSite\",\"@id\":\"http:\/\/www.integrativa.com.tr\/en\/#website\",\"url\":\"http:\/\/www.integrativa.com.tr\/en\/\",\"name\":\"Integrativa | Scientific Health Consulting with 4D BioDesign\",\"description\":\"\",\"potentialAction\":[{\"@type\":\"SearchAction\",\"target\":{\"@type\":\"EntryPoint\",\"urlTemplate\":\"http:\/\/www.integrativa.com.tr\/en\/?s={search_term_string}\"},\"query-input\":{\"@type\":\"PropertyValueSpecification\",\"valueRequired\":true,\"valueName\":\"search_term_string\"}}],\"inLanguage\":\"tr\"}]}<\/script>\n<!-- \/ Yoast SEO Premium plugin. -->","yoast_head_json":{"title":"Personal Assessment Request Form - Integrativa | Scientific Health Consulting with 4D BioDesign","robots":{"index":"index","follow":"follow","max-snippet":"max-snippet:-1","max-image-preview":"max-image-preview:large","max-video-preview":"max-video-preview:-1"},"canonical":"https:\/\/www.integrativa.com.tr\/en\/kisisel-degerlendirme-talep-formu\/","og_locale":"tr_TR","og_type":"article","og_title":"Personal Assessment Request Form","og_description":"Integrativa 4D BioDesign\u2122 works with a limited number of clients, offering completely personalized treatment. The form below is the first step in determining the most appropriate assessment and treatment plan for you. We will review your information and get back to you with suitable options. Bu form do\u011frudan randevu olu\u015fturmaz. Bilgileriniz t\u0131bbi gizlilik ilkeleri \u00e7er\u00e7evesinde &hellip; Read More \"Personal Assessment Request Form\"","og_url":"https:\/\/www.integrativa.com.tr\/en\/kisisel-degerlendirme-talep-formu\/","og_site_name":"Integrativa | Scientific Health Consulting with 4D BioDesign","article_modified_time":"2025-12-16T11:26:46+00:00","twitter_card":"summary_large_image","twitter_misc":{"Tahmini okuma s\u00fcresi":"1 dakika"},"schema":{"@context":"https:\/\/schema.org","@graph":[{"@type":"WebPage","@id":"https:\/\/www.integrativa.com.tr\/en\/kisisel-degerlendirme-talep-formu\/","url":"https:\/\/www.integrativa.com.tr\/en\/kisisel-degerlendirme-talep-formu\/","name":"Personal Assessment Request Form - Integrativa | Scientific Health Consulting with 4D BioDesign","isPartOf":{"@id":"http:\/\/www.integrativa.com.tr\/en\/#website"},"datePublished":"2025-11-17T11:14:18+00:00","dateModified":"2025-12-16T11:26:46+00:00","breadcrumb":{"@id":"https:\/\/www.integrativa.com.tr\/en\/kisisel-degerlendirme-talep-formu\/#breadcrumb"},"inLanguage":"tr","potentialAction":[{"@type":"ReadAction","target":["https:\/\/www.integrativa.com.tr\/en\/kisisel-degerlendirme-talep-formu\/"]}]},{"@type":"BreadcrumbList","@id":"https:\/\/www.integrativa.com.tr\/en\/kisisel-degerlendirme-talep-formu\/#breadcrumb","itemListElement":[{"@type":"ListItem","position":1,"name":"Anasayfa","item":"http:\/\/www.integrativa.com.tr\/en\/"},{"@type":"ListItem","position":2,"name":"Personal Assessment Request Form"}]},{"@type":"WebSite","@id":"http:\/\/www.integrativa.com.tr\/en\/#website","url":"http:\/\/www.integrativa.com.tr\/en\/","name":"Integrativa | Scientific Health Consulting with 4D BioDesign","description":"","potentialAction":[{"@type":"SearchAction","target":{"@type":"EntryPoint","urlTemplate":"http:\/\/www.integrativa.com.tr\/en\/?s={search_term_string}"},"query-input":{"@type":"PropertyValueSpecification","valueRequired":true,"valueName":"search_term_string"}}],"inLanguage":"tr"}]}},"_links":{"self":[{"href":"https:\/\/www.integrativa.com.tr\/en\/wp-json\/wp\/v2\/pages\/9403","targetHints":{"allow":["GET"]}}],"collection":[{"href":"https:\/\/www.integrativa.com.tr\/en\/wp-json\/wp\/v2\/pages"}],"about":[{"href":"https:\/\/www.integrativa.com.tr\/en\/wp-json\/wp\/v2\/types\/page"}],"author":[{"embeddable":true,"href":"https:\/\/www.integrativa.com.tr\/en\/wp-json\/wp\/v2\/users\/1"}],"replies":[{"embeddable":true,"href":"https:\/\/www.integrativa.com.tr\/en\/wp-json\/wp\/v2\/comments?post=9403"}],"version-history":[{"count":17,"href":"https:\/\/www.integrativa.com.tr\/en\/wp-json\/wp\/v2\/pages\/9403\/revisions"}],"predecessor-version":[{"id":10009,"href":"https:\/\/www.integrativa.com.tr\/en\/wp-json\/wp\/v2\/pages\/9403\/revisions\/10009"}],"wp:attachment":[{"href":"https:\/\/www.integrativa.com.tr\/en\/wp-json\/wp\/v2\/media?parent=9403"}],"curies":[{"name":"wp","href":"https:\/\/api.w.org\/{rel}","templated":true}]}}