{"id":9081,"date":"2025-10-18T18:05:04","date_gmt":"2025-10-18T15:05:04","guid":{"rendered":"https:\/\/www.integrativa.com.tr\/?page_id=9081"},"modified":"2025-12-09T10:54:37","modified_gmt":"2025-12-09T07:54:37","slug":"sonuclar-vaka-oykuleri","status":"publish","type":"page","link":"https:\/\/www.integrativa.com.tr\/en\/sonuclar-vaka-oykuleri\/","title":{"rendered":"Results &#038; Case Studies"},"content":{"rendered":"","protected":false},"excerpt":{"rendered":"","protected":false},"author":1,"featured_media":0,"parent":0,"menu_order":0,"comment_status":"closed","ping_status":"closed","template":"","meta":{"inline_featured_image":false,"footnotes":""},"class_list":["post-9081","page","type-page","status-publish","hentry"],"yoast_head":"<!-- This site is optimized with the Yoast SEO Premium plugin v26.1 (Yoast SEO v26.1.1) - https:\/\/yoast.com\/wordpress\/plugins\/seo\/ -->\n<title>Results &amp; Case Studies - Integrativa | Scientific Health Consulting with 4D BioDesign<\/title>\n<meta name=\"description\" content=\"Anonim vaka \u00f6zetleri, \u00f6l\u00e7\u00fclebilir metrikler ve trend g\u00f6rselleriyle ilerlemeyi g\u00f6r\u00fcn.\" \/>\n<meta name=\"robots\" content=\"index, follow, max-snippet:-1, max-image-preview:large, max-video-preview:-1\" \/>\n<link rel=\"canonical\" href=\"https:\/\/www.integrativa.com.tr\/en\/sonuclar-vaka-oykuleri\/\" \/>\n<meta property=\"og:locale\" content=\"tr_TR\" \/>\n<meta property=\"og:type\" content=\"article\" \/>\n<meta property=\"og:title\" content=\"Results &amp; Case Studies\" \/>\n<meta property=\"og:description\" content=\"Anonim vaka \u00f6zetleri, \u00f6l\u00e7\u00fclebilir metrikler ve trend g\u00f6rselleriyle ilerlemeyi g\u00f6r\u00fcn.\" \/>\n<meta property=\"og:url\" content=\"https:\/\/www.integrativa.com.tr\/en\/sonuclar-vaka-oykuleri\/\" \/>\n<meta property=\"og:site_name\" content=\"Integrativa | Scientific Health Consulting with 4D BioDesign\" \/>\n<meta property=\"article:modified_time\" content=\"2025-12-09T07:54:37+00:00\" \/>\n<meta name=\"twitter:card\" content=\"summary_large_image\" \/>\n<script type=\"application\/ld+json\" class=\"yoast-schema-graph\">{\"@context\":\"https:\/\/schema.org\",\"@graph\":[{\"@type\":\"WebPage\",\"@id\":\"https:\/\/www.integrativa.com.tr\/en\/sonuclar-vaka-oykuleri\/\",\"url\":\"https:\/\/www.integrativa.com.tr\/en\/sonuclar-vaka-oykuleri\/\",\"name\":\"Results & Case Studies - Integrativa | Scientific Health Consulting with 4D BioDesign\",\"isPartOf\":{\"@id\":\"http:\/\/www.integrativa.com.tr\/en\/#website\"},\"datePublished\":\"2025-10-18T15:05:04+00:00\",\"dateModified\":\"2025-12-09T07:54:37+00:00\",\"description\":\"Anonim vaka \u00f6zetleri, \u00f6l\u00e7\u00fclebilir metrikler ve trend g\u00f6rselleriyle ilerlemeyi g\u00f6r\u00fcn.\",\"breadcrumb\":{\"@id\":\"https:\/\/www.integrativa.com.tr\/en\/sonuclar-vaka-oykuleri\/#breadcrumb\"},\"inLanguage\":\"tr\",\"potentialAction\":[{\"@type\":\"ReadAction\",\"target\":[\"https:\/\/www.integrativa.com.tr\/en\/sonuclar-vaka-oykuleri\/\"]}]},{\"@type\":\"BreadcrumbList\",\"@id\":\"https:\/\/www.integrativa.com.tr\/en\/sonuclar-vaka-oykuleri\/#breadcrumb\",\"itemListElement\":[{\"@type\":\"ListItem\",\"position\":1,\"name\":\"Anasayfa\",\"item\":\"http:\/\/www.integrativa.com.tr\/en\/\"},{\"@type\":\"ListItem\",\"position\":2,\"name\":\"Results &#038; Case Studies\"}]},{\"@type\":\"WebSite\",\"@id\":\"http:\/\/www.integrativa.com.tr\/en\/#website\",\"url\":\"http:\/\/www.integrativa.com.tr\/en\/\",\"name\":\"Integrativa | Scientific Health Consulting with 4D BioDesign\",\"description\":\"\",\"potentialAction\":[{\"@type\":\"SearchAction\",\"target\":{\"@type\":\"EntryPoint\",\"urlTemplate\":\"http:\/\/www.integrativa.com.tr\/en\/?s={search_term_string}\"},\"query-input\":{\"@type\":\"PropertyValueSpecification\",\"valueRequired\":true,\"valueName\":\"search_term_string\"}}],\"inLanguage\":\"tr\"}]}<\/script>\n<!-- \/ Yoast SEO Premium plugin. -->","yoast_head_json":{"title":"Results & Case Studies - Integrativa | Scientific Health Consulting with 4D BioDesign","description":"Anonim vaka \u00f6zetleri, \u00f6l\u00e7\u00fclebilir metrikler ve trend g\u00f6rselleriyle ilerlemeyi g\u00f6r\u00fcn.","robots":{"index":"index","follow":"follow","max-snippet":"max-snippet:-1","max-image-preview":"max-image-preview:large","max-video-preview":"max-video-preview:-1"},"canonical":"https:\/\/www.integrativa.com.tr\/en\/sonuclar-vaka-oykuleri\/","og_locale":"tr_TR","og_type":"article","og_title":"Results & Case Studies","og_description":"Anonim vaka \u00f6zetleri, \u00f6l\u00e7\u00fclebilir metrikler ve trend g\u00f6rselleriyle ilerlemeyi g\u00f6r\u00fcn.","og_url":"https:\/\/www.integrativa.com.tr\/en\/sonuclar-vaka-oykuleri\/","og_site_name":"Integrativa | Scientific Health Consulting with 4D BioDesign","article_modified_time":"2025-12-09T07:54:37+00:00","twitter_card":"summary_large_image","schema":{"@context":"https:\/\/schema.org","@graph":[{"@type":"WebPage","@id":"https:\/\/www.integrativa.com.tr\/en\/sonuclar-vaka-oykuleri\/","url":"https:\/\/www.integrativa.com.tr\/en\/sonuclar-vaka-oykuleri\/","name":"Results & Case Studies - Integrativa | Scientific Health Consulting with 4D BioDesign","isPartOf":{"@id":"http:\/\/www.integrativa.com.tr\/en\/#website"},"datePublished":"2025-10-18T15:05:04+00:00","dateModified":"2025-12-09T07:54:37+00:00","description":"Anonim vaka \u00f6zetleri, \u00f6l\u00e7\u00fclebilir metrikler ve trend g\u00f6rselleriyle ilerlemeyi g\u00f6r\u00fcn.","breadcrumb":{"@id":"https:\/\/www.integrativa.com.tr\/en\/sonuclar-vaka-oykuleri\/#breadcrumb"},"inLanguage":"tr","potentialAction":[{"@type":"ReadAction","target":["https:\/\/www.integrativa.com.tr\/en\/sonuclar-vaka-oykuleri\/"]}]},{"@type":"BreadcrumbList","@id":"https:\/\/www.integrativa.com.tr\/en\/sonuclar-vaka-oykuleri\/#breadcrumb","itemListElement":[{"@type":"ListItem","position":1,"name":"Anasayfa","item":"http:\/\/www.integrativa.com.tr\/en\/"},{"@type":"ListItem","position":2,"name":"Results &#038; Case Studies"}]},{"@type":"WebSite","@id":"http:\/\/www.integrativa.com.tr\/en\/#website","url":"http:\/\/www.integrativa.com.tr\/en\/","name":"Integrativa | Scientific Health Consulting with 4D BioDesign","description":"","potentialAction":[{"@type":"SearchAction","target":{"@type":"EntryPoint","urlTemplate":"http:\/\/www.integrativa.com.tr\/en\/?s={search_term_string}"},"query-input":{"@type":"PropertyValueSpecification","valueRequired":true,"valueName":"search_term_string"}}],"inLanguage":"tr"}]}},"_links":{"self":[{"href":"https:\/\/www.integrativa.com.tr\/en\/wp-json\/wp\/v2\/pages\/9081","targetHints":{"allow":["GET"]}}],"collection":[{"href":"https:\/\/www.integrativa.com.tr\/en\/wp-json\/wp\/v2\/pages"}],"about":[{"href":"https:\/\/www.integrativa.com.tr\/en\/wp-json\/wp\/v2\/types\/page"}],"author":[{"embeddable":true,"href":"https:\/\/www.integrativa.com.tr\/en\/wp-json\/wp\/v2\/users\/1"}],"replies":[{"embeddable":true,"href":"https:\/\/www.integrativa.com.tr\/en\/wp-json\/wp\/v2\/comments?post=9081"}],"version-history":[{"count":2,"href":"https:\/\/www.integrativa.com.tr\/en\/wp-json\/wp\/v2\/pages\/9081\/revisions"}],"predecessor-version":[{"id":9900,"href":"https:\/\/www.integrativa.com.tr\/en\/wp-json\/wp\/v2\/pages\/9081\/revisions\/9900"}],"wp:attachment":[{"href":"https:\/\/www.integrativa.com.tr\/en\/wp-json\/wp\/v2\/media?parent=9081"}],"curies":[{"name":"wp","href":"https:\/\/api.w.org\/{rel}","templated":true}]}}