{"id":9073,"date":"2025-10-18T17:41:55","date_gmt":"2025-10-18T14:41:55","guid":{"rendered":"https:\/\/www.integrativa.com.tr\/?page_id=9073"},"modified":"2025-12-09T10:41:09","modified_gmt":"2025-12-09T07:41:09","slug":"kullanim-sartlari","status":"publish","type":"page","link":"https:\/\/www.integrativa.com.tr\/en\/kullanim-sartlari\/","title":{"rendered":"Service Information"},"content":{"rendered":"<p><strong style=\"font-size: 1rem;\">Integrativa Fonksiyonel Sa\u011fl\u0131k Dan\u0131\u015fmanl\u0131\u011f\u0131 ve G\u00fczellik Uygulamalar\u0131 Ltd. \u015eti.<\/strong><span style=\"font-size: 1rem;\">\u00a0taraf\u0131ndan sunulan t\u00fcm dan\u0131\u015fmanl\u0131k hizmetleri yaln\u0131zca\u00a0<\/span><strong style=\"font-size: 1rem;\">bilgilendirme, rehberlik ve e\u011fitim<\/strong><span style=\"font-size: 1rem;\">\u00a0amac\u0131 ta\u015f\u0131r.<\/span><\/p>\n<section>Bu kapsamda verilen hizmetler; fonksiyonel t\u0131p, epigenetik, biyokimya, hormon dengesi, mikrobiyota ve ya\u015fam tarz\u0131 d\u00fczenlemesi alanlar\u0131nda\u00a0<em>bilimsel i\u00e7erikli dan\u0131\u015fmanl\u0131k<\/em>\u00a0ve\u00a0<em>sa\u011fl\u0131k fark\u0131ndal\u0131\u011f\u0131n\u0131n art\u0131r\u0131lmas\u0131na y\u00f6nelik bilgilendirme<\/em>\u00a0faaliyetleridir.<\/p>\n<\/section>\n<section>\n<h3>Hizmetlerimizin Kapsam\u0131<\/h3>\n<ul>\n<li>Fonksiyonel laboratuvar sonu\u00e7lar\u0131n\u0131n dan\u0131\u015fanla birlikte de\u011ferlendirilmesi,<\/li>\n<li>Ya\u015fam tarz\u0131, beslenme ve fonksiyonel destek (takviye\/majistral rehberlik) \u00f6nerileri,<\/li>\n<li>Epigenetik \u2013 biyokimya \u2013 hormon \u2013 mikrobiyota ekseninde 4D rehberlik,<\/li>\n<li>Uzaktan veya y\u00fcz y\u00fcze dan\u0131\u015fmanl\u0131k g\u00f6r\u00fc\u015fmeleri ve raporlamalar.<\/li>\n<\/ul>\n<\/section>\n<section>\n<h3>Hizmetlerimizin Kapsamad\u0131\u011f\u0131 Hususlar<\/h3>\n<ul>\n<li>T\u0131bbi\u00a0<strong>te\u015fhis<\/strong>\u00a0ve\u00a0<strong>tedavi<\/strong>\u00a0hizmetleri,<\/li>\n<li>Re\u00e7ete yaz\u0131m\u0131 ve t\u0131bbi m\u00fcdahale,<\/li>\n<li>SGK kapsam\u0131ndaki sa\u011fl\u0131k hizmetleri.<\/li>\n<\/ul>\n<div class=\"note\"><strong>\u00d6nemli:<\/strong>\u00a0Her t\u00fcrl\u00fc t\u0131bbi semptom, acil durum veya tan\u0131\/tedavi gerektiren h\u00e2llerde dan\u0131\u015fan kendi hekimine ba\u015fvurmakla y\u00fck\u00fcml\u00fcd\u00fcr. Integrativa, t\u0131bbi te\u015fhis ve tedavi hizmeti sunmaz.<\/div>\n<\/section>\n<div><\/div>\n<section>\n<div>\u201cIntegrativa Fonksiyonel Sa\u011fl\u0131k Dan\u0131\u015fmanl\u0131\u011f\u0131 taraf\u0131ndan sunulan hizmetler bilgilendirme ve rehberlik ama\u00e7l\u0131d\u0131r; t\u0131bbi te\u015fhis ve tedavi i\u00e7ermez. Acil durumlarda l\u00fctfen kendi hekiminize ba\u015fvurun.\u201d<\/div>\n<\/section>\n","protected":false},"excerpt":{"rendered":"<p>Integrativa Fonksiyonel Sa\u011fl\u0131k Dan\u0131\u015fmanl\u0131\u011f\u0131 ve G\u00fczellik Uygulamalar\u0131 Ltd. \u015eti.\u00a0taraf\u0131ndan sunulan t\u00fcm dan\u0131\u015fmanl\u0131k hizmetleri yaln\u0131zca\u00a0bilgilendirme, rehberlik ve e\u011fitim\u00a0amac\u0131 ta\u015f\u0131r. Bu kapsamda verilen hizmetler; fonksiyonel t\u0131p, epigenetik, biyokimya, hormon dengesi, mikrobiyota ve ya\u015fam tarz\u0131 d\u00fczenlemesi alanlar\u0131nda\u00a0bilimsel i\u00e7erikli dan\u0131\u015fmanl\u0131k\u00a0ve\u00a0sa\u011fl\u0131k fark\u0131ndal\u0131\u011f\u0131n\u0131n art\u0131r\u0131lmas\u0131na y\u00f6nelik bilgilendirme\u00a0faaliyetleridir. Hizmetlerimizin Kapsam\u0131 Fonksiyonel laboratuvar sonu\u00e7lar\u0131n\u0131n dan\u0131\u015fanla birlikte de\u011ferlendirilmesi, Ya\u015fam tarz\u0131, beslenme ve fonksiyonel destek (takviye\/majistral &hellip; <\/p>\n<p class=\"more-link-wrap\"><a href=\"https:\/\/www.integrativa.com.tr\/en\/kullanim-sartlari\/\" class=\"more-link\"><i class=\"opal-icon-plus\" aria-hidden=\"true\"><\/i><span>Read More<span class=\"screen-reader-text\"> &#8220;Service Information&#8221;<\/span><\/span><\/a><\/p>\n","protected":false},"author":1,"featured_media":0,"parent":0,"menu_order":0,"comment_status":"closed","ping_status":"closed","template":"","meta":{"inline_featured_image":false,"footnotes":""},"class_list":["post-9073","page","type-page","status-publish","hentry"],"yoast_head":"<!-- This site is optimized with the Yoast SEO Premium plugin v26.1 (Yoast SEO v26.1.1) - https:\/\/yoast.com\/wordpress\/plugins\/seo\/ -->\n<title>Service Information - Integrativa | Scientific Health Consulting with 4D BioDesign<\/title>\n<meta name=\"robots\" content=\"index, follow, max-snippet:-1, max-image-preview:large, max-video-preview:-1\" \/>\n<link rel=\"canonical\" href=\"https:\/\/www.integrativa.com.tr\/en\/kullanim-sartlari\/\" \/>\n<meta property=\"og:locale\" content=\"tr_TR\" \/>\n<meta property=\"og:type\" content=\"article\" \/>\n<meta property=\"og:title\" content=\"Service Information\" \/>\n<meta property=\"og:description\" content=\"Integrativa Fonksiyonel Sa\u011fl\u0131k Dan\u0131\u015fmanl\u0131\u011f\u0131 ve G\u00fczellik Uygulamalar\u0131 Ltd. \u015eti.\u00a0taraf\u0131ndan sunulan t\u00fcm dan\u0131\u015fmanl\u0131k hizmetleri yaln\u0131zca\u00a0bilgilendirme, rehberlik ve e\u011fitim\u00a0amac\u0131 ta\u015f\u0131r. Bu kapsamda verilen hizmetler; fonksiyonel t\u0131p, epigenetik, biyokimya, hormon dengesi, mikrobiyota ve ya\u015fam tarz\u0131 d\u00fczenlemesi alanlar\u0131nda\u00a0bilimsel i\u00e7erikli dan\u0131\u015fmanl\u0131k\u00a0ve\u00a0sa\u011fl\u0131k fark\u0131ndal\u0131\u011f\u0131n\u0131n art\u0131r\u0131lmas\u0131na y\u00f6nelik bilgilendirme\u00a0faaliyetleridir. Hizmetlerimizin Kapsam\u0131 Fonksiyonel laboratuvar sonu\u00e7lar\u0131n\u0131n dan\u0131\u015fanla birlikte de\u011ferlendirilmesi, Ya\u015fam tarz\u0131, beslenme ve fonksiyonel destek (takviye\/majistral &hellip; Read More &quot;Service Information&quot;\" \/>\n<meta property=\"og:url\" content=\"https:\/\/www.integrativa.com.tr\/en\/kullanim-sartlari\/\" \/>\n<meta property=\"og:site_name\" content=\"Integrativa | Scientific Health Consulting with 4D BioDesign\" \/>\n<meta property=\"article:modified_time\" content=\"2025-12-09T07:41:09+00:00\" \/>\n<meta name=\"twitter:card\" content=\"summary_large_image\" \/>\n<meta name=\"twitter:label1\" content=\"Tahmini okuma s\u00fcresi\" \/>\n\t<meta name=\"twitter:data1\" content=\"1 dakika\" \/>\n<script type=\"application\/ld+json\" class=\"yoast-schema-graph\">{\"@context\":\"https:\/\/schema.org\",\"@graph\":[{\"@type\":\"WebPage\",\"@id\":\"https:\/\/www.integrativa.com.tr\/en\/kullanim-sartlari\/\",\"url\":\"https:\/\/www.integrativa.com.tr\/en\/kullanim-sartlari\/\",\"name\":\"Service Information - Integrativa | Scientific Health Consulting with 4D BioDesign\",\"isPartOf\":{\"@id\":\"http:\/\/www.integrativa.com.tr\/en\/#website\"},\"datePublished\":\"2025-10-18T14:41:55+00:00\",\"dateModified\":\"2025-12-09T07:41:09+00:00\",\"breadcrumb\":{\"@id\":\"https:\/\/www.integrativa.com.tr\/en\/kullanim-sartlari\/#breadcrumb\"},\"inLanguage\":\"tr\",\"potentialAction\":[{\"@type\":\"ReadAction\",\"target\":[\"https:\/\/www.integrativa.com.tr\/en\/kullanim-sartlari\/\"]}]},{\"@type\":\"BreadcrumbList\",\"@id\":\"https:\/\/www.integrativa.com.tr\/en\/kullanim-sartlari\/#breadcrumb\",\"itemListElement\":[{\"@type\":\"ListItem\",\"position\":1,\"name\":\"Anasayfa\",\"item\":\"http:\/\/www.integrativa.com.tr\/en\/\"},{\"@type\":\"ListItem\",\"position\":2,\"name\":\"Service Information\"}]},{\"@type\":\"WebSite\",\"@id\":\"http:\/\/www.integrativa.com.tr\/en\/#website\",\"url\":\"http:\/\/www.integrativa.com.tr\/en\/\",\"name\":\"Integrativa | Scientific Health Consulting with 4D BioDesign\",\"description\":\"\",\"potentialAction\":[{\"@type\":\"SearchAction\",\"target\":{\"@type\":\"EntryPoint\",\"urlTemplate\":\"http:\/\/www.integrativa.com.tr\/en\/?s={search_term_string}\"},\"query-input\":{\"@type\":\"PropertyValueSpecification\",\"valueRequired\":true,\"valueName\":\"search_term_string\"}}],\"inLanguage\":\"tr\"}]}<\/script>\n<!-- \/ Yoast SEO Premium plugin. -->","yoast_head_json":{"title":"Service Information - Integrativa | Scientific Health Consulting with 4D BioDesign","robots":{"index":"index","follow":"follow","max-snippet":"max-snippet:-1","max-image-preview":"max-image-preview:large","max-video-preview":"max-video-preview:-1"},"canonical":"https:\/\/www.integrativa.com.tr\/en\/kullanim-sartlari\/","og_locale":"tr_TR","og_type":"article","og_title":"Service Information","og_description":"Integrativa Fonksiyonel Sa\u011fl\u0131k Dan\u0131\u015fmanl\u0131\u011f\u0131 ve G\u00fczellik Uygulamalar\u0131 Ltd. \u015eti.\u00a0taraf\u0131ndan sunulan t\u00fcm dan\u0131\u015fmanl\u0131k hizmetleri yaln\u0131zca\u00a0bilgilendirme, rehberlik ve e\u011fitim\u00a0amac\u0131 ta\u015f\u0131r. Bu kapsamda verilen hizmetler; fonksiyonel t\u0131p, epigenetik, biyokimya, hormon dengesi, mikrobiyota ve ya\u015fam tarz\u0131 d\u00fczenlemesi alanlar\u0131nda\u00a0bilimsel i\u00e7erikli dan\u0131\u015fmanl\u0131k\u00a0ve\u00a0sa\u011fl\u0131k fark\u0131ndal\u0131\u011f\u0131n\u0131n art\u0131r\u0131lmas\u0131na y\u00f6nelik bilgilendirme\u00a0faaliyetleridir. Hizmetlerimizin Kapsam\u0131 Fonksiyonel laboratuvar sonu\u00e7lar\u0131n\u0131n dan\u0131\u015fanla birlikte de\u011ferlendirilmesi, Ya\u015fam tarz\u0131, beslenme ve fonksiyonel destek (takviye\/majistral &hellip; Read More \"Service Information\"","og_url":"https:\/\/www.integrativa.com.tr\/en\/kullanim-sartlari\/","og_site_name":"Integrativa | Scientific Health Consulting with 4D BioDesign","article_modified_time":"2025-12-09T07:41:09+00:00","twitter_card":"summary_large_image","twitter_misc":{"Tahmini okuma s\u00fcresi":"1 dakika"},"schema":{"@context":"https:\/\/schema.org","@graph":[{"@type":"WebPage","@id":"https:\/\/www.integrativa.com.tr\/en\/kullanim-sartlari\/","url":"https:\/\/www.integrativa.com.tr\/en\/kullanim-sartlari\/","name":"Service Information - Integrativa | Scientific Health Consulting with 4D BioDesign","isPartOf":{"@id":"http:\/\/www.integrativa.com.tr\/en\/#website"},"datePublished":"2025-10-18T14:41:55+00:00","dateModified":"2025-12-09T07:41:09+00:00","breadcrumb":{"@id":"https:\/\/www.integrativa.com.tr\/en\/kullanim-sartlari\/#breadcrumb"},"inLanguage":"tr","potentialAction":[{"@type":"ReadAction","target":["https:\/\/www.integrativa.com.tr\/en\/kullanim-sartlari\/"]}]},{"@type":"BreadcrumbList","@id":"https:\/\/www.integrativa.com.tr\/en\/kullanim-sartlari\/#breadcrumb","itemListElement":[{"@type":"ListItem","position":1,"name":"Anasayfa","item":"http:\/\/www.integrativa.com.tr\/en\/"},{"@type":"ListItem","position":2,"name":"Service Information"}]},{"@type":"WebSite","@id":"http:\/\/www.integrativa.com.tr\/en\/#website","url":"http:\/\/www.integrativa.com.tr\/en\/","name":"Integrativa | Scientific Health Consulting with 4D BioDesign","description":"","potentialAction":[{"@type":"SearchAction","target":{"@type":"EntryPoint","urlTemplate":"http:\/\/www.integrativa.com.tr\/en\/?s={search_term_string}"},"query-input":{"@type":"PropertyValueSpecification","valueRequired":true,"valueName":"search_term_string"}}],"inLanguage":"tr"}]}},"_links":{"self":[{"href":"https:\/\/www.integrativa.com.tr\/en\/wp-json\/wp\/v2\/pages\/9073","targetHints":{"allow":["GET"]}}],"collection":[{"href":"https:\/\/www.integrativa.com.tr\/en\/wp-json\/wp\/v2\/pages"}],"about":[{"href":"https:\/\/www.integrativa.com.tr\/en\/wp-json\/wp\/v2\/types\/page"}],"author":[{"embeddable":true,"href":"https:\/\/www.integrativa.com.tr\/en\/wp-json\/wp\/v2\/users\/1"}],"replies":[{"embeddable":true,"href":"https:\/\/www.integrativa.com.tr\/en\/wp-json\/wp\/v2\/comments?post=9073"}],"version-history":[{"count":4,"href":"https:\/\/www.integrativa.com.tr\/en\/wp-json\/wp\/v2\/pages\/9073\/revisions"}],"predecessor-version":[{"id":9869,"href":"https:\/\/www.integrativa.com.tr\/en\/wp-json\/wp\/v2\/pages\/9073\/revisions\/9869"}],"wp:attachment":[{"href":"https:\/\/www.integrativa.com.tr\/en\/wp-json\/wp\/v2\/media?parent=9073"}],"curies":[{"name":"wp","href":"https:\/\/api.w.org\/{rel}","templated":true}]}}