{"id":8873,"date":"2025-10-17T14:54:05","date_gmt":"2025-10-17T11:54:05","guid":{"rendered":"https:\/\/www.integrativa.com.tr\/?page_id=8873"},"modified":"2025-12-16T13:51:04","modified_gmt":"2025-12-16T10:51:04","slug":"bilgi-merkezi","status":"publish","type":"page","link":"https:\/\/www.integrativa.com.tr\/en\/bilgi-merkezi\/","title":{"rendered":"KNOWLEDGE BASE"},"content":{"rendered":"\t\t<div data-elementor-type=\"wp-page\" data-elementor-id=\"8873\" class=\"elementor elementor-8873\" data-elementor-settings=\"{&quot;element_pack_global_tooltip_width&quot;:{&quot;unit&quot;:&quot;px&quot;,&quot;size&quot;:&quot;&quot;,&quot;sizes&quot;:[]},&quot;element_pack_global_tooltip_width_tablet&quot;:{&quot;unit&quot;:&quot;px&quot;,&quot;size&quot;:&quot;&quot;,&quot;sizes&quot;:[]},&quot;element_pack_global_tooltip_width_mobile&quot;:{&quot;unit&quot;:&quot;px&quot;,&quot;size&quot;:&quot;&quot;,&quot;sizes&quot;:[]},&quot;element_pack_global_tooltip_padding&quot;:{&quot;unit&quot;:&quot;px&quot;,&quot;top&quot;:&quot;&quot;,&quot;right&quot;:&quot;&quot;,&quot;bottom&quot;:&quot;&quot;,&quot;left&quot;:&quot;&quot;,&quot;isLinked&quot;:true},&quot;element_pack_global_tooltip_padding_tablet&quot;:{&quot;unit&quot;:&quot;px&quot;,&quot;top&quot;:&quot;&quot;,&quot;right&quot;:&quot;&quot;,&quot;bottom&quot;:&quot;&quot;,&quot;left&quot;:&quot;&quot;,&quot;isLinked&quot;:true},&quot;element_pack_global_tooltip_padding_mobile&quot;:{&quot;unit&quot;:&quot;px&quot;,&quot;top&quot;:&quot;&quot;,&quot;right&quot;:&quot;&quot;,&quot;bottom&quot;:&quot;&quot;,&quot;left&quot;:&quot;&quot;,&quot;isLinked&quot;:true},&quot;element_pack_global_tooltip_border_radius&quot;:{&quot;unit&quot;:&quot;px&quot;,&quot;top&quot;:&quot;&quot;,&quot;right&quot;:&quot;&quot;,&quot;bottom&quot;:&quot;&quot;,&quot;left&quot;:&quot;&quot;,&quot;isLinked&quot;:true},&quot;element_pack_global_tooltip_border_radius_tablet&quot;:{&quot;unit&quot;:&quot;px&quot;,&quot;top&quot;:&quot;&quot;,&quot;right&quot;:&quot;&quot;,&quot;bottom&quot;:&quot;&quot;,&quot;left&quot;:&quot;&quot;,&quot;isLinked&quot;:true},&quot;element_pack_global_tooltip_border_radius_mobile&quot;:{&quot;unit&quot;:&quot;px&quot;,&quot;top&quot;:&quot;&quot;,&quot;right&quot;:&quot;&quot;,&quot;bottom&quot;:&quot;&quot;,&quot;left&quot;:&quot;&quot;,&quot;isLinked&quot;:true}}\" data-elementor-post-type=\"page\">\n\t\t\t\t<div class=\"elementor-element elementor-element-c95b8b2 e-flex e-con-boxed e-con e-parent\" data-id=\"c95b8b2\" data-element_type=\"container\">\n\t\t\t\t\t<div class=\"e-con-inner\">\n\t\t\t\t<div class=\"elementor-element elementor-element-9089426 elementor-widget elementor-widget-text-editor\" data-id=\"9089426\" data-element_type=\"widget\" data-widget_type=\"text-editor.default\">\n\t\t\t\t\t        <div class=\"elementor-text-editor elementor-clearfix\"><p data-start=\"44\" data-end=\"91\"><strong data-start=\"44\" data-end=\"89\">Integrativa 4D Scientific Content Library<\/strong><\/p><p data-start=\"93\" data-end=\"241\">This section is <strong data-start=\"109\" data-end=\"155\">not intended to sell consultation services<\/strong>; it is designed to help you <strong data-start=\"184\" data-end=\"238\">understand your health and ask the right questions<\/strong>.<\/p><p data-start=\"243\" data-end=\"374\">The articles here provide <strong data-start=\"269\" data-end=\"302\">educational, free information<\/strong> on hormones, weight, gut health, epigenetics, and the mind\u2013body axis.<\/p><p data-start=\"376\" data-end=\"526\" data-is-last-node=\"\" data-is-only-node=\"\"><strong data-start=\"376\" data-end=\"385\">Note:<\/strong> None of the content here constitutes <strong data-start=\"423\" data-end=\"467\">individual diagnosis or treatment advice<\/strong> and <strong data-start=\"472\" data-end=\"525\">does not replace your physician\u2019s recommendations<\/strong>.<\/p><\/div>\n        \t\t\t\t<\/div>\n\t\t\t\t\t<\/div>\n\t\t\t\t<\/div>\n\t\t<div class=\"elementor-element elementor-element-fac4a92 e-flex e-con-boxed e-con e-parent\" data-id=\"fac4a92\" data-element_type=\"container\">\n\t\t\t\t\t<div class=\"e-con-inner\">\n\t\t\t\t\t<\/div>\n\t\t\t\t<\/div>\n\t\t\t\t<\/div>\n\t\t","protected":false},"excerpt":{"rendered":"<p>Integrativa 4D Scientific Content Library This section is not intended to sell consultation services; it is designed to help you understand your health and ask the right questions. The articles here provide educational, free information on hormones, weight, gut health, epigenetics, and the mind\u2013body axis. Note: None of the content here constitutes individual diagnosis or &hellip; <\/p>\n<p class=\"more-link-wrap\"><a href=\"https:\/\/www.integrativa.com.tr\/en\/bilgi-merkezi\/\" class=\"more-link\"><i class=\"opal-icon-plus\" aria-hidden=\"true\"><\/i><span>Read More<span class=\"screen-reader-text\"> &#8220;KNOWLEDGE BASE&#8221;<\/span><\/span><\/a><\/p>\n","protected":false},"author":1,"featured_media":0,"parent":0,"menu_order":0,"comment_status":"closed","ping_status":"closed","template":"","meta":{"inline_featured_image":false,"footnotes":""},"class_list":["post-8873","page","type-page","status-publish","hentry"],"yoast_head":"<!-- This site is optimized with the Yoast SEO Premium plugin v26.1 (Yoast SEO v26.1.1) - https:\/\/yoast.com\/wordpress\/plugins\/seo\/ -->\n<title>KNOWLEDGE BASE - Integrativa | Scientific Health Consulting with 4D BioDesign<\/title>\n<meta name=\"description\" content=\"Epigenetik, hormon, mikrobiyota, biyokimya ve vaka notlar\u0131 \u00fczerine yaz\u0131lar ve s\u0131k sorulan sorular.\" \/>\n<meta name=\"robots\" content=\"index, follow, max-snippet:-1, max-image-preview:large, max-video-preview:-1\" \/>\n<link rel=\"canonical\" href=\"https:\/\/www.integrativa.com.tr\/en\/bilgi-merkezi\/\" \/>\n<meta property=\"og:locale\" content=\"tr_TR\" \/>\n<meta property=\"og:type\" content=\"article\" \/>\n<meta property=\"og:title\" content=\"KNOWLEDGE BASE\" \/>\n<meta property=\"og:description\" content=\"Epigenetik, hormon, mikrobiyota, biyokimya ve vaka notlar\u0131 \u00fczerine yaz\u0131lar ve s\u0131k sorulan sorular.\" \/>\n<meta property=\"og:url\" content=\"https:\/\/www.integrativa.com.tr\/en\/bilgi-merkezi\/\" \/>\n<meta property=\"og:site_name\" content=\"Integrativa | Scientific Health Consulting with 4D BioDesign\" \/>\n<meta property=\"article:modified_time\" content=\"2025-12-16T10:51:04+00:00\" \/>\n<meta name=\"twitter:card\" content=\"summary_large_image\" \/>\n<meta name=\"twitter:label1\" content=\"Tahmini okuma s\u00fcresi\" \/>\n\t<meta name=\"twitter:data1\" content=\"1 dakika\" \/>\n<script type=\"application\/ld+json\" class=\"yoast-schema-graph\">{\"@context\":\"https:\/\/schema.org\",\"@graph\":[{\"@type\":\"WebPage\",\"@id\":\"https:\/\/www.integrativa.com.tr\/en\/bilgi-merkezi\/\",\"url\":\"https:\/\/www.integrativa.com.tr\/en\/bilgi-merkezi\/\",\"name\":\"KNOWLEDGE BASE - Integrativa | Scientific Health Consulting with 4D BioDesign\",\"isPartOf\":{\"@id\":\"http:\/\/www.integrativa.com.tr\/en\/#website\"},\"datePublished\":\"2025-10-17T11:54:05+00:00\",\"dateModified\":\"2025-12-16T10:51:04+00:00\",\"description\":\"Epigenetik, hormon, mikrobiyota, biyokimya ve vaka notlar\u0131 \u00fczerine yaz\u0131lar ve s\u0131k sorulan sorular.\",\"breadcrumb\":{\"@id\":\"https:\/\/www.integrativa.com.tr\/en\/bilgi-merkezi\/#breadcrumb\"},\"inLanguage\":\"tr\",\"potentialAction\":[{\"@type\":\"ReadAction\",\"target\":[\"https:\/\/www.integrativa.com.tr\/en\/bilgi-merkezi\/\"]}]},{\"@type\":\"BreadcrumbList\",\"@id\":\"https:\/\/www.integrativa.com.tr\/en\/bilgi-merkezi\/#breadcrumb\",\"itemListElement\":[{\"@type\":\"ListItem\",\"position\":1,\"name\":\"Anasayfa\",\"item\":\"http:\/\/www.integrativa.com.tr\/en\/\"},{\"@type\":\"ListItem\",\"position\":2,\"name\":\"KNOWLEDGE BASE\"}]},{\"@type\":\"WebSite\",\"@id\":\"http:\/\/www.integrativa.com.tr\/en\/#website\",\"url\":\"http:\/\/www.integrativa.com.tr\/en\/\",\"name\":\"Integrativa | Scientific Health Consulting with 4D BioDesign\",\"description\":\"\",\"potentialAction\":[{\"@type\":\"SearchAction\",\"target\":{\"@type\":\"EntryPoint\",\"urlTemplate\":\"http:\/\/www.integrativa.com.tr\/en\/?s={search_term_string}\"},\"query-input\":{\"@type\":\"PropertyValueSpecification\",\"valueRequired\":true,\"valueName\":\"search_term_string\"}}],\"inLanguage\":\"tr\"}]}<\/script>\n<!-- \/ Yoast SEO Premium plugin. -->","yoast_head_json":{"title":"KNOWLEDGE BASE - Integrativa | Scientific Health Consulting with 4D BioDesign","description":"Epigenetik, hormon, mikrobiyota, biyokimya ve vaka notlar\u0131 \u00fczerine yaz\u0131lar ve s\u0131k sorulan sorular.","robots":{"index":"index","follow":"follow","max-snippet":"max-snippet:-1","max-image-preview":"max-image-preview:large","max-video-preview":"max-video-preview:-1"},"canonical":"https:\/\/www.integrativa.com.tr\/en\/bilgi-merkezi\/","og_locale":"tr_TR","og_type":"article","og_title":"KNOWLEDGE BASE","og_description":"Epigenetik, hormon, mikrobiyota, biyokimya ve vaka notlar\u0131 \u00fczerine yaz\u0131lar ve s\u0131k sorulan sorular.","og_url":"https:\/\/www.integrativa.com.tr\/en\/bilgi-merkezi\/","og_site_name":"Integrativa | Scientific Health Consulting with 4D BioDesign","article_modified_time":"2025-12-16T10:51:04+00:00","twitter_card":"summary_large_image","twitter_misc":{"Tahmini okuma s\u00fcresi":"1 dakika"},"schema":{"@context":"https:\/\/schema.org","@graph":[{"@type":"WebPage","@id":"https:\/\/www.integrativa.com.tr\/en\/bilgi-merkezi\/","url":"https:\/\/www.integrativa.com.tr\/en\/bilgi-merkezi\/","name":"KNOWLEDGE BASE - Integrativa | Scientific Health Consulting with 4D BioDesign","isPartOf":{"@id":"http:\/\/www.integrativa.com.tr\/en\/#website"},"datePublished":"2025-10-17T11:54:05+00:00","dateModified":"2025-12-16T10:51:04+00:00","description":"Epigenetik, hormon, mikrobiyota, biyokimya ve vaka notlar\u0131 \u00fczerine yaz\u0131lar ve s\u0131k sorulan sorular.","breadcrumb":{"@id":"https:\/\/www.integrativa.com.tr\/en\/bilgi-merkezi\/#breadcrumb"},"inLanguage":"tr","potentialAction":[{"@type":"ReadAction","target":["https:\/\/www.integrativa.com.tr\/en\/bilgi-merkezi\/"]}]},{"@type":"BreadcrumbList","@id":"https:\/\/www.integrativa.com.tr\/en\/bilgi-merkezi\/#breadcrumb","itemListElement":[{"@type":"ListItem","position":1,"name":"Anasayfa","item":"http:\/\/www.integrativa.com.tr\/en\/"},{"@type":"ListItem","position":2,"name":"KNOWLEDGE BASE"}]},{"@type":"WebSite","@id":"http:\/\/www.integrativa.com.tr\/en\/#website","url":"http:\/\/www.integrativa.com.tr\/en\/","name":"Integrativa | Scientific Health Consulting with 4D BioDesign","description":"","potentialAction":[{"@type":"SearchAction","target":{"@type":"EntryPoint","urlTemplate":"http:\/\/www.integrativa.com.tr\/en\/?s={search_term_string}"},"query-input":{"@type":"PropertyValueSpecification","valueRequired":true,"valueName":"search_term_string"}}],"inLanguage":"tr"}]}},"_links":{"self":[{"href":"https:\/\/www.integrativa.com.tr\/en\/wp-json\/wp\/v2\/pages\/8873","targetHints":{"allow":["GET"]}}],"collection":[{"href":"https:\/\/www.integrativa.com.tr\/en\/wp-json\/wp\/v2\/pages"}],"about":[{"href":"https:\/\/www.integrativa.com.tr\/en\/wp-json\/wp\/v2\/types\/page"}],"author":[{"embeddable":true,"href":"https:\/\/www.integrativa.com.tr\/en\/wp-json\/wp\/v2\/users\/1"}],"replies":[{"embeddable":true,"href":"https:\/\/www.integrativa.com.tr\/en\/wp-json\/wp\/v2\/comments?post=8873"}],"version-history":[{"count":15,"href":"https:\/\/www.integrativa.com.tr\/en\/wp-json\/wp\/v2\/pages\/8873\/revisions"}],"predecessor-version":[{"id":9964,"href":"https:\/\/www.integrativa.com.tr\/en\/wp-json\/wp\/v2\/pages\/8873\/revisions\/9964"}],"wp:attachment":[{"href":"https:\/\/www.integrativa.com.tr\/en\/wp-json\/wp\/v2\/media?parent=8873"}],"curies":[{"name":"wp","href":"https:\/\/api.w.org\/{rel}","templated":true}]}}