{"id":8871,"date":"2025-10-17T14:53:46","date_gmt":"2025-10-17T11:53:46","guid":{"rendered":"https:\/\/www.integrativa.com.tr\/?page_id=8871"},"modified":"2025-12-16T13:50:41","modified_gmt":"2025-12-16T10:50:41","slug":"nasil-calisiyoruz","status":"publish","type":"page","link":"https:\/\/www.integrativa.com.tr\/en\/nasil-calisiyoruz\/","title":{"rendered":"HOW WE WORK"},"content":{"rendered":"\t\t<div data-elementor-type=\"wp-page\" data-elementor-id=\"8871\" class=\"elementor elementor-8871\" data-elementor-settings=\"{&quot;element_pack_global_tooltip_width&quot;:{&quot;unit&quot;:&quot;px&quot;,&quot;size&quot;:&quot;&quot;,&quot;sizes&quot;:[]},&quot;element_pack_global_tooltip_width_tablet&quot;:{&quot;unit&quot;:&quot;px&quot;,&quot;size&quot;:&quot;&quot;,&quot;sizes&quot;:[]},&quot;element_pack_global_tooltip_width_mobile&quot;:{&quot;unit&quot;:&quot;px&quot;,&quot;size&quot;:&quot;&quot;,&quot;sizes&quot;:[]},&quot;element_pack_global_tooltip_padding&quot;:{&quot;unit&quot;:&quot;px&quot;,&quot;top&quot;:&quot;&quot;,&quot;right&quot;:&quot;&quot;,&quot;bottom&quot;:&quot;&quot;,&quot;left&quot;:&quot;&quot;,&quot;isLinked&quot;:true},&quot;element_pack_global_tooltip_padding_tablet&quot;:{&quot;unit&quot;:&quot;px&quot;,&quot;top&quot;:&quot;&quot;,&quot;right&quot;:&quot;&quot;,&quot;bottom&quot;:&quot;&quot;,&quot;left&quot;:&quot;&quot;,&quot;isLinked&quot;:true},&quot;element_pack_global_tooltip_padding_mobile&quot;:{&quot;unit&quot;:&quot;px&quot;,&quot;top&quot;:&quot;&quot;,&quot;right&quot;:&quot;&quot;,&quot;bottom&quot;:&quot;&quot;,&quot;left&quot;:&quot;&quot;,&quot;isLinked&quot;:true},&quot;element_pack_global_tooltip_border_radius&quot;:{&quot;unit&quot;:&quot;px&quot;,&quot;top&quot;:&quot;&quot;,&quot;right&quot;:&quot;&quot;,&quot;bottom&quot;:&quot;&quot;,&quot;left&quot;:&quot;&quot;,&quot;isLinked&quot;:true},&quot;element_pack_global_tooltip_border_radius_tablet&quot;:{&quot;unit&quot;:&quot;px&quot;,&quot;top&quot;:&quot;&quot;,&quot;right&quot;:&quot;&quot;,&quot;bottom&quot;:&quot;&quot;,&quot;left&quot;:&quot;&quot;,&quot;isLinked&quot;:true},&quot;element_pack_global_tooltip_border_radius_mobile&quot;:{&quot;unit&quot;:&quot;px&quot;,&quot;top&quot;:&quot;&quot;,&quot;right&quot;:&quot;&quot;,&quot;bottom&quot;:&quot;&quot;,&quot;left&quot;:&quot;&quot;,&quot;isLinked&quot;:true}}\" data-elementor-post-type=\"page\">\n\t\t\t\t\t\t<section class=\"elementor-section elementor-top-section elementor-element elementor-element-9f0dbf8 elementor-section-stretched elementor-section-boxed elementor-section-height-default elementor-section-height-default\" data-id=\"9f0dbf8\" data-element_type=\"section\" data-settings=\"{&quot;stretch_section&quot;:&quot;section-stretched&quot;,&quot;background_background&quot;:&quot;classic&quot;,&quot;shape_divider_top&quot;:&quot;mountains&quot;,&quot;shape_divider_bottom&quot;:&quot;mountains&quot;}\">\n\t\t\t\t\t\t\t<div class=\"elementor-background-overlay\"><\/div>\n\t\t\t\t\t\t<div class=\"elementor-shape elementor-shape-top\" aria-hidden=\"true\" data-negative=\"false\">\n\t\t\t<svg xmlns=\"http:\/\/www.w3.org\/2000\/svg\" viewBox=\"0 0 1000 100\" preserveAspectRatio=\"none\">\n\t<path class=\"elementor-shape-fill\" opacity=\"0.33\" d=\"M473,67.3c-203.9,88.3-263.1-34-320.3,0C66,119.1,0,59.7,0,59.7V0h1000v59.7 c0,0-62.1,26.1-94.9,29.3c-32.8,3.3-62.8-12.3-75.8-22.1C806,49.6,745.3,8.7,694.9,4.7S492.4,59,473,67.3z\"\/>\n\t<path class=\"elementor-shape-fill\" opacity=\"0.66\" d=\"M734,67.3c-45.5,0-77.2-23.2-129.1-39.1c-28.6-8.7-150.3-10.1-254,39.1 s-91.7-34.4-149.2,0C115.7,118.3,0,39.8,0,39.8V0h1000v36.5c0,0-28.2-18.5-92.1-18.5C810.2,18.1,775.7,67.3,734,67.3z\"\/>\n\t<path class=\"elementor-shape-fill\" d=\"M766.1,28.9c-200-57.5-266,65.5-395.1,19.5C242,1.8,242,5.4,184.8,20.6C128,35.8,132.3,44.9,89.9,52.5C28.6,63.7,0,0,0,0 h1000c0,0-9.9,40.9-83.6,48.1S829.6,47,766.1,28.9z\"\/>\n<\/svg>\t\t<\/div>\n\t\t\t\t<div class=\"elementor-shape elementor-shape-bottom\" aria-hidden=\"true\" data-negative=\"false\">\n\t\t\t<svg xmlns=\"http:\/\/www.w3.org\/2000\/svg\" viewBox=\"0 0 1000 100\" preserveAspectRatio=\"none\">\n\t<path class=\"elementor-shape-fill\" opacity=\"0.33\" d=\"M473,67.3c-203.9,88.3-263.1-34-320.3,0C66,119.1,0,59.7,0,59.7V0h1000v59.7 c0,0-62.1,26.1-94.9,29.3c-32.8,3.3-62.8-12.3-75.8-22.1C806,49.6,745.3,8.7,694.9,4.7S492.4,59,473,67.3z\"\/>\n\t<path class=\"elementor-shape-fill\" opacity=\"0.66\" d=\"M734,67.3c-45.5,0-77.2-23.2-129.1-39.1c-28.6-8.7-150.3-10.1-254,39.1 s-91.7-34.4-149.2,0C115.7,118.3,0,39.8,0,39.8V0h1000v36.5c0,0-28.2-18.5-92.1-18.5C810.2,18.1,775.7,67.3,734,67.3z\"\/>\n\t<path class=\"elementor-shape-fill\" d=\"M766.1,28.9c-200-57.5-266,65.5-395.1,19.5C242,1.8,242,5.4,184.8,20.6C128,35.8,132.3,44.9,89.9,52.5C28.6,63.7,0,0,0,0 h1000c0,0-9.9,40.9-83.6,48.1S829.6,47,766.1,28.9z\"\/>\n<\/svg>\t\t<\/div>\n\t\t\t\t\t<div class=\"elementor-container elementor-column-gap-no\">\n\t\t\t\t\t<div class=\"elementor-column elementor-col-50 elementor-top-column elementor-element elementor-element-b539a6d\" data-id=\"b539a6d\" data-element_type=\"column\">\n\t\t\t<div class=\"elementor-widget-wrap elementor-element-populated\">\n\t\t\t\t\t\t<div class=\"elementor-element elementor-element-b78ec30 elementor-widget elementor-widget-image\" data-id=\"b78ec30\" data-element_type=\"widget\" data-widget_type=\"image.default\">\n\t\t\t\t\t\t\t\t\t\t\t\t\t\t\t<img fetchpriority=\"high\" decoding=\"async\" width=\"600\" height=\"335\" src=\"https:\/\/www.integrativa.com.tr\/en\/wp-content\/uploads\/2022\/11\/LOGO-INTEGRATIVA-copy.webp\" class=\"attachment-large size-large wp-image-8381\" alt=\"\" srcset=\"https:\/\/www.integrativa.com.tr\/en\/wp-content\/uploads\/2022\/11\/LOGO-INTEGRATIVA-copy.webp 755w, https:\/\/www.integrativa.com.tr\/en\/wp-content\/uploads\/2022\/11\/LOGO-INTEGRATIVA-copy-300x167.webp 300w, https:\/\/www.integrativa.com.tr\/en\/wp-content\/uploads\/2022\/11\/LOGO-INTEGRATIVA-copy-700x390.webp 700w, https:\/\/www.integrativa.com.tr\/en\/wp-content\/uploads\/2022\/11\/LOGO-INTEGRATIVA-copy-600x335.webp 600w\" sizes=\"(max-width: 600px) 100vw, 600px\" \/>\t\t\t\t\t\t\t\t\t\t\t\t\t\t\t<\/div>\n\t\t\t\t\t<\/div>\n\t\t<\/div>\n\t\t\t\t<div class=\"elementor-column elementor-col-50 elementor-top-column elementor-element elementor-element-f0048ce\" data-id=\"f0048ce\" data-element_type=\"column\" data-settings=\"{&quot;background_background&quot;:&quot;classic&quot;}\">\n\t\t\t<div class=\"elementor-widget-wrap elementor-element-populated\">\n\t\t\t\t\t\t<div class=\"elementor-element elementor-element-2e7d50c elementor-button-outline_primary elementor-align-left elementor-widget elementor-widget-button\" data-id=\"2e7d50c\" data-element_type=\"widget\" data-widget_type=\"button.default\">\n\t\t\t\t\t        <div class=\"elementor-button-wrapper\">\n            <a href=\"#\" class=\"elementor-button-link elementor-button elementor-size-lg\" role=\"button\">\n                        <span class=\"elementor-button-content-wrapper\">\n\t\t\t                <span class=\"elementor-button-icon elementor-align-icon-left\">\n\t\t\t\t<i class=\"opal-icon-angle-right\" aria-hidden=\"true\"><\/i>\n\t\t\t<\/span>\n                        <span class=\"elementor-button-text\">Initial Consultation: Your health history and goals are assessed.<\/span>\n\t\t<\/span>\n\n\n                <\/a>\n        <\/div>\n        \t\t\t\t<\/div>\n\t\t\t\t<div class=\"elementor-element elementor-element-510a0f1 elementor-button-outline_primary elementor-align-left elementor-widget elementor-widget-button\" data-id=\"510a0f1\" data-element_type=\"widget\" data-widget_type=\"button.default\">\n\t\t\t\t\t        <div class=\"elementor-button-wrapper\">\n            <a href=\"#\" class=\"elementor-button-link elementor-button elementor-size-lg\" role=\"button\">\n                        <span class=\"elementor-button-content-wrapper\">\n\t\t\t                <span class=\"elementor-button-icon elementor-align-icon-left\">\n\t\t\t\t<i class=\"opal-icon-angle-right\" aria-hidden=\"true\"><\/i>\n\t\t\t<\/span>\n                        <span class=\"elementor-button-text\">You will be informed based on your test results and reported symptoms.<\/span>\n\t\t<\/span>\n\n\n                <\/a>\n        <\/div>\n        \t\t\t\t<\/div>\n\t\t\t\t<div class=\"elementor-element elementor-element-3610229 elementor-button-outline_primary elementor-align-left elementor-widget elementor-widget-button\" data-id=\"3610229\" data-element_type=\"widget\" data-widget_type=\"button.default\">\n\t\t\t\t\t        <div class=\"elementor-button-wrapper\">\n            <a href=\"#\" class=\"elementor-button-link elementor-button elementor-size-lg\" role=\"button\">\n                        <span class=\"elementor-button-content-wrapper\">\n\t\t\t                <span class=\"elementor-button-icon elementor-align-icon-left\">\n\t\t\t\t<i class=\"opal-icon-angle-right\" aria-hidden=\"true\"><\/i>\n\t\t\t<\/span>\n                        <span class=\"elementor-button-text\">A personalized consultation plan is created.<\/span>\n\t\t<\/span>\n\n\n                <\/a>\n        <\/div>\n        \t\t\t\t<\/div>\n\t\t\t\t<div class=\"elementor-element elementor-element-a8fce79 elementor-button-outline_primary elementor-align-left elementor-widget elementor-widget-button\" data-id=\"a8fce79\" data-element_type=\"widget\" data-widget_type=\"button.default\">\n\t\t\t\t\t        <div class=\"elementor-button-wrapper\">\n            <a href=\"#\" class=\"elementor-button-link elementor-button elementor-size-lg\" role=\"button\">\n                        <span class=\"elementor-button-content-wrapper\">\n\t\t\t                <span class=\"elementor-button-icon elementor-align-icon-left\">\n\t\t\t\t<i class=\"opal-icon-angle-right\" aria-hidden=\"true\"><\/i>\n\t\t\t<\/span>\n                        <span class=\"elementor-button-text\">Regular follow-up and guidance are provided.<\/span>\n\t\t<\/span>\n\n\n                <\/a>\n        <\/div>\n        \t\t\t\t<\/div>\n\t\t\t\t<div class=\"elementor-element elementor-element-5b20f98 elementor-button-outline_primary elementor-align-left elementor-widget elementor-widget-button\" data-id=\"5b20f98\" data-element_type=\"widget\" data-widget_type=\"button.default\">\n\t\t\t\t\t        <div class=\"elementor-button-wrapper\">\n            <a href=\"#\" class=\"elementor-button-link elementor-button elementor-size-lg\" role=\"button\">\n                        <span class=\"elementor-button-content-wrapper\">\n\t\t\t                <span class=\"elementor-button-icon elementor-align-icon-left\">\n\t\t\t\t<i class=\"opal-icon-angle-right\" aria-hidden=\"true\"><\/i>\n\t\t\t<\/span>\n                        <span class=\"elementor-button-text\">Continuous support and guidance are provided alongside you.<\/span>\n\t\t<\/span>\n\n\n                <\/a>\n        <\/div>\n        \t\t\t\t<\/div>\n\t\t\t\t<div class=\"elementor-element elementor-element-2c2e49b elementor-hidden-desktop elementor-hidden-tablet elementor-hidden-mobile elementor-widget elementor-widget-text-editor\" data-id=\"2c2e49b\" data-element_type=\"widget\" data-widget_type=\"text-editor.default\">\n\t\t\t\t\t        <div class=\"elementor-text-editor elementor-clearfix\"><p>1. \u0130lk g\u00f6r\u00fc\u015fme: Sa\u011fl\u0131k ge\u00e7mi\u015finiz ve hedefleriniz de\u011ferlendirilir.<br \/>2. Test sonu\u00e7lar\u0131n\u0131z ve \u015fik\u00e2yetleriniz do\u011frultusunda bilgilendirme yap\u0131l\u0131r.<br \/>3. Ki\u015fiye \u00f6zel dan\u0131\u015fmanl\u0131k plan\u0131 olu\u015fturulur.<br \/>4. D\u00fczenli takip ve rehberlik sa\u011flan\u0131r.<br \/>5. S\u00fcrekli destek ve y\u00f6nlendirme ile yan\u0131n\u0131zda olunur.<\/p><\/div>\n        \t\t\t\t<\/div>\n\t\t\t\t\t<\/div>\n\t\t<\/div>\n\t\t\t\t\t<\/div>\n\t\t<\/section>\n\t\t\t\t<\/div>\n\t\t","protected":false},"excerpt":{"rendered":"<p>Initial Consultation: Your health history and goals are assessed. You will be informed based on your test results and reported symptoms. A personalized consultation plan is created. Regular follow-up and guidance are provided. Continuous support and guidance are provided alongside you. 1. \u0130lk g\u00f6r\u00fc\u015fme: Sa\u011fl\u0131k ge\u00e7mi\u015finiz ve hedefleriniz de\u011ferlendirilir.2. Test sonu\u00e7lar\u0131n\u0131z ve \u015fik\u00e2yetleriniz do\u011frultusunda bilgilendirme &hellip; <\/p>\n<p class=\"more-link-wrap\"><a href=\"https:\/\/www.integrativa.com.tr\/en\/nasil-calisiyoruz\/\" class=\"more-link\"><i class=\"opal-icon-plus\" aria-hidden=\"true\"><\/i><span>Read More<span class=\"screen-reader-text\"> &#8220;HOW WE WORK&#8221;<\/span><\/span><\/a><\/p>\n","protected":false},"author":1,"featured_media":0,"parent":0,"menu_order":0,"comment_status":"closed","ping_status":"closed","template":"","meta":{"inline_featured_image":false,"footnotes":""},"class_list":["post-8871","page","type-page","status-publish","hentry"],"yoast_head":"<!-- This site is optimized with the Yoast SEO Premium plugin v26.1 (Yoast SEO v26.1.1) - https:\/\/yoast.com\/wordpress\/plugins\/seo\/ -->\n<title>HOW WE WORK - Integrativa | Scientific Health Consulting with 4D BioDesign<\/title>\n<meta name=\"robots\" content=\"index, follow, max-snippet:-1, max-image-preview:large, max-video-preview:-1\" \/>\n<link rel=\"canonical\" href=\"https:\/\/www.integrativa.com.tr\/en\/nasil-calisiyoruz\/\" \/>\n<meta property=\"og:locale\" content=\"tr_TR\" \/>\n<meta property=\"og:type\" content=\"article\" \/>\n<meta property=\"og:title\" content=\"HOW WE WORK\" \/>\n<meta property=\"og:description\" content=\"Initial Consultation: Your health history and goals are assessed. You will be informed based on your test results and reported symptoms. A personalized consultation plan is created. Regular follow-up and guidance are provided. Continuous support and guidance are provided alongside you. 1. \u0130lk g\u00f6r\u00fc\u015fme: Sa\u011fl\u0131k ge\u00e7mi\u015finiz ve hedefleriniz de\u011ferlendirilir.2. Test sonu\u00e7lar\u0131n\u0131z ve \u015fik\u00e2yetleriniz do\u011frultusunda bilgilendirme &hellip; Read More &quot;HOW WE WORK&quot;\" \/>\n<meta property=\"og:url\" content=\"https:\/\/www.integrativa.com.tr\/en\/nasil-calisiyoruz\/\" \/>\n<meta property=\"og:site_name\" content=\"Integrativa | Scientific Health Consulting with 4D BioDesign\" \/>\n<meta property=\"article:modified_time\" content=\"2025-12-16T10:50:41+00:00\" \/>\n<meta property=\"og:image\" content=\"http:\/\/www.integrativa.com.tr\/en\/wp-content\/uploads\/2022\/11\/LOGO-INTEGRATIVA-copy.webp\" \/>\n<meta name=\"twitter:card\" content=\"summary_large_image\" \/>\n<meta name=\"twitter:label1\" content=\"Tahmini okuma s\u00fcresi\" \/>\n\t<meta name=\"twitter:data1\" content=\"1 dakika\" \/>\n<script type=\"application\/ld+json\" class=\"yoast-schema-graph\">{\"@context\":\"https:\/\/schema.org\",\"@graph\":[{\"@type\":\"WebPage\",\"@id\":\"https:\/\/www.integrativa.com.tr\/en\/nasil-calisiyoruz\/\",\"url\":\"https:\/\/www.integrativa.com.tr\/en\/nasil-calisiyoruz\/\",\"name\":\"HOW WE WORK - Integrativa | Scientific Health Consulting with 4D BioDesign\",\"isPartOf\":{\"@id\":\"http:\/\/www.integrativa.com.tr\/en\/#website\"},\"primaryImageOfPage\":{\"@id\":\"https:\/\/www.integrativa.com.tr\/en\/nasil-calisiyoruz\/#primaryimage\"},\"image\":{\"@id\":\"https:\/\/www.integrativa.com.tr\/en\/nasil-calisiyoruz\/#primaryimage\"},\"thumbnailUrl\":\"http:\/\/www.integrativa.com.tr\/en\/wp-content\/uploads\/2022\/11\/LOGO-INTEGRATIVA-copy.webp\",\"datePublished\":\"2025-10-17T11:53:46+00:00\",\"dateModified\":\"2025-12-16T10:50:41+00:00\",\"breadcrumb\":{\"@id\":\"https:\/\/www.integrativa.com.tr\/en\/nasil-calisiyoruz\/#breadcrumb\"},\"inLanguage\":\"tr\",\"potentialAction\":[{\"@type\":\"ReadAction\",\"target\":[\"https:\/\/www.integrativa.com.tr\/en\/nasil-calisiyoruz\/\"]}]},{\"@type\":\"ImageObject\",\"inLanguage\":\"tr\",\"@id\":\"https:\/\/www.integrativa.com.tr\/en\/nasil-calisiyoruz\/#primaryimage\",\"url\":\"https:\/\/www.integrativa.com.tr\/en\/wp-content\/uploads\/2022\/11\/LOGO-INTEGRATIVA-copy.webp\",\"contentUrl\":\"https:\/\/www.integrativa.com.tr\/en\/wp-content\/uploads\/2022\/11\/LOGO-INTEGRATIVA-copy.webp\",\"width\":755,\"height\":421},{\"@type\":\"BreadcrumbList\",\"@id\":\"https:\/\/www.integrativa.com.tr\/en\/nasil-calisiyoruz\/#breadcrumb\",\"itemListElement\":[{\"@type\":\"ListItem\",\"position\":1,\"name\":\"Anasayfa\",\"item\":\"http:\/\/www.integrativa.com.tr\/en\/\"},{\"@type\":\"ListItem\",\"position\":2,\"name\":\"HOW WE WORK\"}]},{\"@type\":\"WebSite\",\"@id\":\"http:\/\/www.integrativa.com.tr\/en\/#website\",\"url\":\"http:\/\/www.integrativa.com.tr\/en\/\",\"name\":\"Integrativa | Scientific Health Consulting with 4D BioDesign\",\"description\":\"\",\"potentialAction\":[{\"@type\":\"SearchAction\",\"target\":{\"@type\":\"EntryPoint\",\"urlTemplate\":\"http:\/\/www.integrativa.com.tr\/en\/?s={search_term_string}\"},\"query-input\":{\"@type\":\"PropertyValueSpecification\",\"valueRequired\":true,\"valueName\":\"search_term_string\"}}],\"inLanguage\":\"tr\"}]}<\/script>\n<!-- \/ Yoast SEO Premium plugin. -->","yoast_head_json":{"title":"HOW WE WORK - Integrativa | Scientific Health Consulting with 4D BioDesign","robots":{"index":"index","follow":"follow","max-snippet":"max-snippet:-1","max-image-preview":"max-image-preview:large","max-video-preview":"max-video-preview:-1"},"canonical":"https:\/\/www.integrativa.com.tr\/en\/nasil-calisiyoruz\/","og_locale":"tr_TR","og_type":"article","og_title":"HOW WE WORK","og_description":"Initial Consultation: Your health history and goals are assessed. You will be informed based on your test results and reported symptoms. A personalized consultation plan is created. Regular follow-up and guidance are provided. Continuous support and guidance are provided alongside you. 1. \u0130lk g\u00f6r\u00fc\u015fme: Sa\u011fl\u0131k ge\u00e7mi\u015finiz ve hedefleriniz de\u011ferlendirilir.2. Test sonu\u00e7lar\u0131n\u0131z ve \u015fik\u00e2yetleriniz do\u011frultusunda bilgilendirme &hellip; Read More \"HOW WE WORK\"","og_url":"https:\/\/www.integrativa.com.tr\/en\/nasil-calisiyoruz\/","og_site_name":"Integrativa | Scientific Health Consulting with 4D BioDesign","article_modified_time":"2025-12-16T10:50:41+00:00","og_image":[{"url":"http:\/\/www.integrativa.com.tr\/en\/wp-content\/uploads\/2022\/11\/LOGO-INTEGRATIVA-copy.webp","type":"","width":"","height":""}],"twitter_card":"summary_large_image","twitter_misc":{"Tahmini okuma s\u00fcresi":"1 dakika"},"schema":{"@context":"https:\/\/schema.org","@graph":[{"@type":"WebPage","@id":"https:\/\/www.integrativa.com.tr\/en\/nasil-calisiyoruz\/","url":"https:\/\/www.integrativa.com.tr\/en\/nasil-calisiyoruz\/","name":"HOW WE WORK - Integrativa | Scientific Health Consulting with 4D BioDesign","isPartOf":{"@id":"http:\/\/www.integrativa.com.tr\/en\/#website"},"primaryImageOfPage":{"@id":"https:\/\/www.integrativa.com.tr\/en\/nasil-calisiyoruz\/#primaryimage"},"image":{"@id":"https:\/\/www.integrativa.com.tr\/en\/nasil-calisiyoruz\/#primaryimage"},"thumbnailUrl":"http:\/\/www.integrativa.com.tr\/en\/wp-content\/uploads\/2022\/11\/LOGO-INTEGRATIVA-copy.webp","datePublished":"2025-10-17T11:53:46+00:00","dateModified":"2025-12-16T10:50:41+00:00","breadcrumb":{"@id":"https:\/\/www.integrativa.com.tr\/en\/nasil-calisiyoruz\/#breadcrumb"},"inLanguage":"tr","potentialAction":[{"@type":"ReadAction","target":["https:\/\/www.integrativa.com.tr\/en\/nasil-calisiyoruz\/"]}]},{"@type":"ImageObject","inLanguage":"tr","@id":"https:\/\/www.integrativa.com.tr\/en\/nasil-calisiyoruz\/#primaryimage","url":"https:\/\/www.integrativa.com.tr\/en\/wp-content\/uploads\/2022\/11\/LOGO-INTEGRATIVA-copy.webp","contentUrl":"https:\/\/www.integrativa.com.tr\/en\/wp-content\/uploads\/2022\/11\/LOGO-INTEGRATIVA-copy.webp","width":755,"height":421},{"@type":"BreadcrumbList","@id":"https:\/\/www.integrativa.com.tr\/en\/nasil-calisiyoruz\/#breadcrumb","itemListElement":[{"@type":"ListItem","position":1,"name":"Anasayfa","item":"http:\/\/www.integrativa.com.tr\/en\/"},{"@type":"ListItem","position":2,"name":"HOW WE WORK"}]},{"@type":"WebSite","@id":"http:\/\/www.integrativa.com.tr\/en\/#website","url":"http:\/\/www.integrativa.com.tr\/en\/","name":"Integrativa | Scientific Health Consulting with 4D BioDesign","description":"","potentialAction":[{"@type":"SearchAction","target":{"@type":"EntryPoint","urlTemplate":"http:\/\/www.integrativa.com.tr\/en\/?s={search_term_string}"},"query-input":{"@type":"PropertyValueSpecification","valueRequired":true,"valueName":"search_term_string"}}],"inLanguage":"tr"}]}},"_links":{"self":[{"href":"https:\/\/www.integrativa.com.tr\/en\/wp-json\/wp\/v2\/pages\/8871","targetHints":{"allow":["GET"]}}],"collection":[{"href":"https:\/\/www.integrativa.com.tr\/en\/wp-json\/wp\/v2\/pages"}],"about":[{"href":"https:\/\/www.integrativa.com.tr\/en\/wp-json\/wp\/v2\/types\/page"}],"author":[{"embeddable":true,"href":"https:\/\/www.integrativa.com.tr\/en\/wp-json\/wp\/v2\/users\/1"}],"replies":[{"embeddable":true,"href":"https:\/\/www.integrativa.com.tr\/en\/wp-json\/wp\/v2\/comments?post=8871"}],"version-history":[{"count":17,"href":"https:\/\/www.integrativa.com.tr\/en\/wp-json\/wp\/v2\/pages\/8871\/revisions"}],"predecessor-version":[{"id":9961,"href":"https:\/\/www.integrativa.com.tr\/en\/wp-json\/wp\/v2\/pages\/8871\/revisions\/9961"}],"wp:attachment":[{"href":"https:\/\/www.integrativa.com.tr\/en\/wp-json\/wp\/v2\/media?parent=8871"}],"curies":[{"name":"wp","href":"https:\/\/api.w.org\/{rel}","templated":true}]}}